{"id":1020,"date":"2022-09-09T03:10:33","date_gmt":"2022-09-09T03:10:33","guid":{"rendered":"https:\/\/ciri.la-studioweb.com\/?page_id=1020"},"modified":"2026-05-09T14:09:41","modified_gmt":"2026-05-09T11:09:41","slug":"anasayfa","status":"publish","type":"page","link":"https:\/\/erkingroup.com.tr\/","title":{"rendered":"Ciri &#8211; Furniture 04"},"content":{"rendered":"\t\t<div data-elementor-type=\"wp-page\" data-elementor-id=\"1020\" class=\"elementor elementor-1020\">\n\t\t\t\t<div class=\"elementor-element elementor-element-50516e8 e-con-full erkin-fullscreen e-flex lakit-col-width-auto-no e-container e-root-container elementor-top-section e-con e-parent\" data-id=\"50516e8\" data-element_type=\"container\" data-e-type=\"container\">\n\t\t\t\t<div class=\"elementor-element elementor-element-bf227fe elementor-widget elementor-widget-html\" data-id=\"bf227fe\" data-element_type=\"widget\" data-e-type=\"widget\" data-widget_type=\"html.default\">\n\t\t\t\t\t<!DOCTYPE html>\n<html lang=\"tr\">\n<head>\n    <meta charset=\"UTF-8\">\n    <meta name=\"viewport\" content=\"width=device-width, initial-scale=1.0\">\n    <title>Erkin Group<\/title>\n    <style>\n        * {\n            margin: 0;\n            padding: 0;\n            box-sizing: border-box;\n        }\n        body, html {\n            width: 100%;\n            font-family: Arial, sans-serif;\n        }\n        .erkin-box-wrapper {\n            display: flex;\n            gap: 30px;\n            justify-content: center;\n            padding: 60px 30px 97px 30px;\n            width: 100%;\n            background-color: #fff;\n            background-image: url('https:\/\/erkingroup.com.tr\/wp-content\/uploads\/2026\/05\/sekil-web-2.png');\n            background-size: cover;\n            background-position: center;\n            background-repeat: no-repeat;\n        }\n        .erkin-card {\n            position: relative;\n            width: 45%;\n            background: #fff;\n            border: 7px solid;\n            border-radius: 1px;\n            display: flex;\n            flex-direction: column;\n            align-items: center;\n            box-shadow: 0 8px 20px rgba(0, 0, 0, 0.15);\n            padding: 15px 15px 15px;\n            margin-top: 60px;\n        }\n        .erkin-card.green {\n            border-color: #28633f;\n        }\n        .erkin-card.blue {\n            border-color: #20bfd7;\n        }\n        .erkin-logo {\n            position: absolute;\n            top: -75px;\n        }\n        .erkin-card.green .erkin-logo {\n            left: 15px;\n        }\n        .erkin-card.blue .erkin-logo {\n            right: 15px;\n        }\n        .erkin-logo img {\n            max-width: 330px;\n            height: auto;\n            display: block;\n        }\n        .erkin-title {\n            font-family: Georgia, serif;\n            font-size: 18px;\n            font-weight: 900;\n            letter-spacing: 0.5px;\n            text-transform: uppercase;\n            width: 100%;\n            padding: 1px 8px 10px 12px;\n            position: relative;\n            overflow: hidden;\n            margin-top: -4px;\n        }\n        .erkin-card.green .erkin-title {\n            color: #28633f;\n            text-align: left;\n            padding-left: 72px;\n        }\n        .erkin-card.blue .erkin-title {\n            color: #9e9e9e;\n            text-align: right;\n            padding-right: 10px;\n        }\n\n        \/* \u2500\u2500 YE\u015e\u0130L KART: default metin \u2500\u2500 *\/\n        .green-title-default {\n            display: block;\n            transition: transform 0.4s ease, opacity 0.4s ease;\n        }\n\n        \/* \u2500\u2500 YE\u015e\u0130L KART: hover metin \u2500\u2500 *\/\n        .green-title-hover {\n            display: block;\n            position: absolute;\n            top: 1px;\n            left: 0;\n            width: 100%;\n            padding-left: 20px;\n            text-align: left;\n            transition: transform 0.4s ease, opacity 0.4s ease;\n            transform: translateY(10px);\n            opacity: 0;\n            margin-left: 65px;\n        }\n\n        \/* \u2500\u2500 MAV\u0130 KART: default metin \u2500\u2500 *\/\n        .blue-title-default {\n            display: block;\n            transition: transform 0.4s ease, opacity 0.4s ease;\n        }\n\n        \/* \u2500\u2500 MAV\u0130 KART: hover metin \u2500\u2500 *\/\n        .blue-title-hover {\n            display: block;\n            position: absolute;\n            top: 1px;\n            left: 0;\n            width: 100%;\n            padding-left: 0;\n            padding-right: 10px;\n            text-align: right;\n            transition: transform 0.4s ease, opacity 0.4s ease;\n            transform: translateY(10px);\n            opacity: 0;\n            margin-left: 0px;\n        }\n\n        \/* \u2500\u2500 HOVER TET\u0130KLEY\u0130C\u0130: logo veya metin \u00fczerine gelindi\u011finde \u2500\u2500 *\/\n        \/* Ye\u015fil: logo hover \u2192 metin de\u011fi\u015fir *\/\n        .erkin-card.green .erkin-logo:hover ~ .erkin-title .green-title-default,\n        .erkin-card.green .erkin-title:hover .green-title-default {\n            transform: translateY(-10px);\n            opacity: 0;\n        }\n        .erkin-card.green .erkin-logo:hover ~ .erkin-title .green-title-hover,\n        .erkin-card.green .erkin-title:hover .green-title-hover {\n            transform: translateY(0);\n            opacity: 1;\n        }\n\n        \/* Mavi: logo hover \u2192 metin de\u011fi\u015fir *\/\n        .erkin-card.blue .erkin-logo:hover ~ .erkin-title .blue-title-default,\n        .erkin-card.blue .erkin-title:hover .blue-title-default {\n            transform: translateY(-10px);\n            opacity: 0;\n        }\n        .erkin-card.blue .erkin-logo:hover ~ .erkin-title .blue-title-hover,\n        .erkin-card.blue .erkin-title:hover .blue-title-hover {\n            transform: translateY(0);\n            opacity: 1;\n        }\n\n        .erkin-image {\n            width: 100%;\n        }\n        .erkin-image img {\n            width: 100%;\n            height: auto;\n            object-fit: cover;\n            display: block;\n            filter: grayscale(100%);\n            border-radius: 0px;\n            box-shadow: 0 6px 16px rgba(0.9, 0.9, 0.9, 0.9);\n        }\n        .erkin-logo a,\n        .erkin-image a {\n            display: block;\n            text-decoration: none;\n        }\n\n        @media (max-width: 768px) {\n            .erkin-box-wrapper {\n                flex-direction: column;\n                align-items: center;\n                gap: 40px;\n                padding-top: 20px;\n            }\n            .erkin-card {\n                width: 90%;\n                border: 4px solid;\n                align-items: center;\n            }\n            .erkin-card.green .erkin-logo,\n            .erkin-card.blue .erkin-logo {\n                left: 50%;\n                right: auto;\n                transform: translateX(-50%);\n            }\n            .erkin-card.green .erkin-title,\n            .erkin-card.blue .erkin-title {\n                text-align: right;\n                padding-left: 0;\n                padding-right: 18px;\n                font-size: 13px;\n                margin-top: 0;\n            }\n            \/* Mobilde hover metinleri ayn\u0131 hizaya *\/\n            .green-title-hover,\n            .blue-title-hover {\n                text-align: right;\n                padding-left: 0;\n                padding-right: 18px;\n            }\n            .erkin-card {\n                padding-top: 5px;\n            }\n            .green-title-hover {\n                text-align: right;\n                padding-left: 0;\n                padding-right: 55px;\n            }\n        }\n    <\/style>\n<\/head>\n<body>\n<div class=\"erkin-box-wrapper\">\n    <!-- \u00c7elik Konstr\u00fcksiyon Kart\u0131 -->\n    <div class=\"erkin-card green\">\n        <div class=\"erkin-logo\">\n            <a href=\"https:\/\/erkincelik.com\/\">\n                <img decoding=\"async\" src=\"https:\/\/erkingroup.com.tr\/wp-content\/uploads\/2026\/05\/erkin-group-2-6.png\" alt=\"Erkin \u00c7elik Konstr\u00fcksiyon\">\n            <\/a>\n        <\/div>\n        <div class=\"erkin-title\">\n            <span class=\"green-title-default\">\u00c7EL\u0130K KONSTR\u00dcKS\u0130YON<\/span>\n            <span class=\"green-title-hover\">STEEL CONSTRUCTION<\/span>\n        <\/div>\n        <div class=\"erkin-image\">\n            <a href=\"https:\/\/erkincelik.com\/\">\n                <img decoding=\"async\" src=\"https:\/\/erkingrup.hecesoft.com\/wp-content\/uploads\/2026\/04\/erkin-group.png\" alt=\"Erkin \u00c7elik Konstr\u00fcksiyon\">\n            <\/a>\n        <\/div>\n    <\/div>\n    <!-- Precision Machining Kart\u0131 -->\n    <div class=\"erkin-card blue\">\n        <div class=\"erkin-logo\">\n            <a href=\"https:\/\/www.erkinmachining.com\/\" >\n                <img decoding=\"async\" src=\"https:\/\/erkingroup.com.tr\/wp-content\/uploads\/2026\/05\/erkin-group-2-7.png\" alt=\"Erkin Precision Machining\">\n            <\/a>\n        <\/div>\n        <div class=\"erkin-title\">\n            <span class=\"blue-title-default\">PRECISION MACHINING<\/span>\n            <span class=\"blue-title-hover\">PRECISION MACHINING<\/span>\n        <\/div>\n        <div class=\"erkin-image\">\n            <a href=\"https:\/\/www.erkinmachining.com\/\" >\n                <img decoding=\"async\" src=\"https:\/\/erkingrup.hecesoft.com\/wp-content\/uploads\/2026\/04\/erkin-group-2.png\" alt=\"Precision Machining\">\n            <\/a>\n        <\/div>\n    <\/div>\n<\/div>\n<\/body>\n<\/html>\t\t\t\t<\/div>\n\t\t\t\t<\/div>\n\t\t\t\t<\/div>\n\t\t","protected":false},"excerpt":{"rendered":"<p>Erkin Group \u00c7EL\u0130K KONSTR\u00dcKS\u0130YON STEEL CONSTRUCTION PRECISION MACHINING PRECISION MACHINING<\/p>\n","protected":false},"author":1,"featured_media":0,"parent":0,"menu_order":0,"comment_status":"closed","ping_status":"closed","template":"","meta":{"footnotes":""},"class_list":["post-1020","page","type-page","status-publish","hentry"],"_links":{"self":[{"href":"https:\/\/erkingroup.com.tr\/index.php\/wp-json\/wp\/v2\/pages\/1020","targetHints":{"allow":["GET"]}}],"collection":[{"href":"https:\/\/erkingroup.com.tr\/index.php\/wp-json\/wp\/v2\/pages"}],"about":[{"href":"https:\/\/erkingroup.com.tr\/index.php\/wp-json\/wp\/v2\/types\/page"}],"author":[{"embeddable":true,"href":"https:\/\/erkingroup.com.tr\/index.php\/wp-json\/wp\/v2\/users\/1"}],"replies":[{"embeddable":true,"href":"https:\/\/erkingroup.com.tr\/index.php\/wp-json\/wp\/v2\/comments?post=1020"}],"version-history":[{"count":441,"href":"https:\/\/erkingroup.com.tr\/index.php\/wp-json\/wp\/v2\/pages\/1020\/revisions"}],"predecessor-version":[{"id":3666,"href":"https:\/\/erkingroup.com.tr\/index.php\/wp-json\/wp\/v2\/pages\/1020\/revisions\/3666"}],"wp:attachment":[{"href":"https:\/\/erkingroup.com.tr\/index.php\/wp-json\/wp\/v2\/media?parent=1020"}],"curies":[{"name":"wp","href":"https:\/\/api.w.org\/{rel}","templated":true}]}}